{"id":170,"date":"2023-06-18T17:36:16","date_gmt":"2023-06-18T17:36:16","guid":{"rendered":"https:\/\/meclinas.com\/?page_id=170"},"modified":"2023-06-25T07:30:38","modified_gmt":"2023-06-25T07:30:38","slug":"nieuws","status":"publish","type":"page","link":"https:\/\/meclinas.com\/fr\/nieuws\/","title":{"rendered":"Actualit\u00e9s"},"content":{"rendered":"<div data-elementor-type=\"wp-page\" data-elementor-id=\"170\" class=\"elementor elementor-170\" data-elementor-post-type=\"page\">\n\t\t\t\t\t\t<section class=\"elementor-section elementor-top-section elementor-element elementor-element-87e5dd1 elementor-section-height-min-height elementor-section-boxed elementor-section-height-default elementor-section-items-middle\" data-id=\"87e5dd1\" data-element_type=\"section\" data-e-type=\"section\" data-settings=\"{&quot;background_background&quot;:&quot;classic&quot;}\">\n\t\t\t\t\t\t\t<div class=\"elementor-background-overlay\"><\/div>\n\t\t\t\t\t\t\t<div class=\"elementor-container elementor-column-gap-default\">\n\t\t\t\t\t<div class=\"elementor-column elementor-col-100 elementor-top-column elementor-element elementor-element-8357b03\" data-id=\"8357b03\" data-element_type=\"column\" data-e-type=\"column\">\n\t\t\t<div class=\"elementor-widget-wrap elementor-element-populated\">\n\t\t\t\t\t\t<div class=\"elementor-element elementor-element-e53bdcf elementor-absolute elementor-widget elementor-widget-image\" data-id=\"e53bdcf\" data-element_type=\"widget\" data-e-type=\"widget\" data-settings=\"{&quot;_position&quot;:&quot;absolute&quot;}\" data-widget_type=\"image.default\">\n\t\t\t\t\t\t\t\t\t\t\t\t\t\t\t<img fetchpriority=\"high\" decoding=\"async\" width=\"800\" height=\"251\" src=\"https:\/\/meclinas.com\/wp-content\/uploads\/2023\/06\/Meclinas_logo_withighres-1.png\" class=\"attachment-large size-large wp-image-38\" alt=\"\" \/>\t\t\t\t\t\t\t\t\t\t\t\t\t\t\t<\/div>\n\t\t\t\t\t<\/div>\n\t\t<\/div>\n\t\t\t\t\t<\/div>\n\t\t<\/section>\n\t\t\t\t<section class=\"elementor-section elementor-top-section elementor-element elementor-element-cf43fe1 elementor-section-boxed elementor-section-height-default elementor-section-height-default elementor-invisible\" data-id=\"cf43fe1\" data-element_type=\"section\" data-e-type=\"section\" data-settings=\"{&quot;background_background&quot;:&quot;classic&quot;,&quot;animation&quot;:&quot;fadeInRight&quot;}\">\n\t\t\t\t\t\t<div class=\"elementor-container elementor-column-gap-default\">\n\t\t\t\t\t<div class=\"elementor-column elementor-col-100 elementor-top-column elementor-element elementor-element-f3176f1\" data-id=\"f3176f1\" data-element_type=\"column\" data-e-type=\"column\">\n\t\t\t<div class=\"elementor-widget-wrap elementor-element-populated\">\n\t\t\t\t\t\t<div class=\"elementor-element elementor-element-7db0e88 elementor-widget elementor-widget-heading\" data-id=\"7db0e88\" data-element_type=\"widget\" data-e-type=\"widget\" data-widget_type=\"heading.default\">\n\t\t\t\t\t<h2 class=\"elementor-heading-title elementor-size-default\">Nouvelles<\/h2>\t\t\t\t<\/div>\n\t\t\t\t<div class=\"elementor-element elementor-element-59fa53a elementor-grid-3 elementor-grid-tablet-2 elementor-grid-mobile-1 elementor-posts--thumbnail-top elementor-card-shadow-yes elementor-posts__hover-gradient elementor-widget elementor-widget-posts\" data-id=\"59fa53a\" data-element_type=\"widget\" data-e-type=\"widget\" data-settings=\"{&quot;cards_columns&quot;:&quot;3&quot;,&quot;cards_columns_tablet&quot;:&quot;2&quot;,&quot;cards_columns_mobile&quot;:&quot;1&quot;,&quot;cards_row_gap&quot;:{&quot;unit&quot;:&quot;px&quot;,&quot;size&quot;:35,&quot;sizes&quot;:[]},&quot;cards_row_gap_tablet&quot;:{&quot;unit&quot;:&quot;px&quot;,&quot;size&quot;:&quot;&quot;,&quot;sizes&quot;:[]},&quot;cards_row_gap_mobile&quot;:{&quot;unit&quot;:&quot;px&quot;,&quot;size&quot;:&quot;&quot;,&quot;sizes&quot;:[]}}\" data-widget_type=\"posts.cards\">\n\t\t\t\t<div class=\"elementor-widget-container\">\n\t\t\t\t\t\t\t<div class=\"elementor-posts-container elementor-posts elementor-posts--skin-cards elementor-grid\" role=\"list\">\n\t\t\t\t<article class=\"elementor-post elementor-grid-item post-1500 post type-post status-publish format-standard has-post-thumbnail hentry category-internal-news\" role=\"listitem\">\n\t\t\t<div class=\"elementor-post__card\">\n\t\t\t\t<a class=\"elementor-post__thumbnail__link\" href=\"https:\/\/meclinas.com\/fr\/meclinas-nam-op-26-nov-2023-aan-de-dag-van-de-wetenschap-2023-een-ding-is-zeker-de-toekomst-is-verzekerd\/\" tabindex=\"-1\" ><div class=\"elementor-post__thumbnail\"><img decoding=\"async\" width=\"300\" height=\"169\" src=\"https:\/\/meclinas.com\/wp-content\/uploads\/2023\/12\/Meclinas_branding-images_homepage_72ppi-1-1024x576-1-300x169.png\" class=\"attachment-medium size-medium wp-image-1501\" alt=\"\" srcset=\"https:\/\/meclinas.com\/wp-content\/uploads\/2023\/12\/Meclinas_branding-images_homepage_72ppi-1-1024x576-1-300x169.png 300w, https:\/\/meclinas.com\/wp-content\/uploads\/2023\/12\/Meclinas_branding-images_homepage_72ppi-1-1024x576-1-768x432.png 768w, https:\/\/meclinas.com\/wp-content\/uploads\/2023\/12\/Meclinas_branding-images_homepage_72ppi-1-1024x576-1-18x10.png 18w, https:\/\/meclinas.com\/wp-content\/uploads\/2023\/12\/Meclinas_branding-images_homepage_72ppi-1-1024x576-1.png 1024w\" sizes=\"(max-width: 300px) 100vw, 300px\" \/><\/div><\/a>\n\t\t\t\t<div class=\"elementor-post__text\">\n\t\t\t\t<h3 class=\"elementor-post__title\">\n\t\t\t<a href=\"https:\/\/meclinas.com\/fr\/meclinas-nam-op-26-nov-2023-aan-de-dag-van-de-wetenschap-2023-een-ding-is-zeker-de-toekomst-is-verzekerd\/\" >\n\t\t\t\t\"Meclinas a particip\u00e9 \u00e0 la 'dag van de wetenschap 2023' le 26 novembre 2023. Une chose est s\u00fbre : l'avenir est assur\u00e9 !\"\t\t\t<\/a>\n\t\t<\/h3>\n\t\t\n\t\t<a class=\"elementor-post__read-more\" href=\"https:\/\/meclinas.com\/fr\/meclinas-nam-op-26-nov-2023-aan-de-dag-van-de-wetenschap-2023-een-ding-is-zeker-de-toekomst-is-verzekerd\/\" aria-label=\"En savoir plus sur Meclinas nam op 26 NOV 2023 aan de \u2018dag van de wetenschap 2023\u2019. E\u00e9n ding is zeker : de toekomst is verzekerd!\" tabindex=\"-1\" >\n\t\t\tRead more\t\t<\/a>\n\n\t\t\t\t<\/div>\n\t\t\t\t\t<\/div>\n\t\t<\/article>\n\t\t\t\t<\/div>\n\t\t\n\t\t\t\t\t\t<\/div>\n\t\t\t\t<\/div>\n\t\t\t\t<div class=\"elementor-element elementor-element-6978f08 elementor-widget elementor-widget-image\" data-id=\"6978f08\" data-element_type=\"widget\" data-e-type=\"widget\" data-widget_type=\"image.default\">\n\t\t\t\t\t\t\t\t\t\t\t\t\t\t\t<img decoding=\"async\" width=\"800\" height=\"250\" src=\"https:\/\/meclinas.com\/wp-content\/uploads\/2023\/06\/Meclinas_logo1-1024x320.png\" class=\"attachment-large size-large wp-image-25\" alt=\"\" srcset=\"https:\/\/meclinas.com\/wp-content\/uploads\/2023\/06\/Meclinas_logo1-1024x320.png 1024w, https:\/\/meclinas.com\/wp-content\/uploads\/2023\/06\/Meclinas_logo1-300x94.png 300w, https:\/\/meclinas.com\/wp-content\/uploads\/2023\/06\/Meclinas_logo1-768x240.png 768w, https:\/\/meclinas.com\/wp-content\/uploads\/2023\/06\/Meclinas_logo1-1536x481.png 1536w, https:\/\/meclinas.com\/wp-content\/uploads\/2023\/06\/Meclinas_logo1-2048x641.png 2048w\" sizes=\"(max-width: 800px) 100vw, 800px\" \/>\t\t\t\t\t\t\t\t\t\t\t\t\t\t\t<\/div>\n\t\t\t\t\t<\/div>\n\t\t<\/div>\n\t\t\t\t\t<\/div>\n\t\t<\/section>\n\t\t\t\t<\/div>","protected":false},"excerpt":{"rendered":"<p>Nouvelles<\/p>","protected":false},"author":1,"featured_media":0,"parent":0,"menu_order":11,"comment_status":"closed","ping_status":"closed","template":"","meta":{"_acf_changed":false,"_uag_custom_page_level_css":"","footnotes":""},"class_list":["post-170","page","type-page","status-publish","hentry"],"acf":[],"yoast_head":"<!-- This site is optimized with the Yoast SEO plugin v27.4 - https:\/\/yoast.com\/product\/yoast-seo-wordpress\/ -->\n<title>Nieuws - Meclinas<\/title>\n<meta name=\"robots\" content=\"index, follow, max-snippet:-1, max-image-preview:large, max-video-preview:-1\" \/>\n<link rel=\"canonical\" href=\"https:\/\/meclinas.com\/fr\/nieuws\/\" \/>\n<meta property=\"og:locale\" content=\"fr_FR\" \/>\n<meta property=\"og:type\" content=\"article\" \/>\n<meta property=\"og:title\" content=\"Nieuws - Meclinas\" \/>\n<meta property=\"og:description\" content=\"News\" \/>\n<meta property=\"og:url\" content=\"https:\/\/meclinas.com\/fr\/nieuws\/\" \/>\n<meta property=\"og:site_name\" content=\"Meclinas\" \/>\n<meta property=\"article:modified_time\" content=\"2023-06-25T07:30:38+00:00\" \/>\n<meta property=\"og:image\" content=\"https:\/\/meclinas.com\/wp-content\/uploads\/2023\/06\/Meclinas_logo_withighres-1.png\" \/>\n<meta name=\"twitter:card\" content=\"summary_large_image\" \/>\n<script type=\"application\/ld+json\" class=\"yoast-schema-graph\">{\"@context\":\"https:\\\/\\\/schema.org\",\"@graph\":[{\"@type\":\"WebPage\",\"@id\":\"https:\\\/\\\/meclinas.com\\\/nieuws\\\/\",\"url\":\"https:\\\/\\\/meclinas.com\\\/nieuws\\\/\",\"name\":\"Nieuws - Meclinas\",\"isPartOf\":{\"@id\":\"https:\\\/\\\/meclinas.com\\\/#website\"},\"primaryImageOfPage\":{\"@id\":\"https:\\\/\\\/meclinas.com\\\/nieuws\\\/#primaryimage\"},\"image\":{\"@id\":\"https:\\\/\\\/meclinas.com\\\/nieuws\\\/#primaryimage\"},\"thumbnailUrl\":\"https:\\\/\\\/meclinas.com\\\/wp-content\\\/uploads\\\/2023\\\/06\\\/Meclinas_logo_withighres-1.png\",\"datePublished\":\"2023-06-18T17:36:16+00:00\",\"dateModified\":\"2023-06-25T07:30:38+00:00\",\"breadcrumb\":{\"@id\":\"https:\\\/\\\/meclinas.com\\\/nieuws\\\/#breadcrumb\"},\"inLanguage\":\"fr-FR\",\"potentialAction\":[{\"@type\":\"ReadAction\",\"target\":[\"https:\\\/\\\/meclinas.com\\\/nieuws\\\/\"]}]},{\"@type\":\"ImageObject\",\"inLanguage\":\"fr-FR\",\"@id\":\"https:\\\/\\\/meclinas.com\\\/nieuws\\\/#primaryimage\",\"url\":\"https:\\\/\\\/meclinas.com\\\/wp-content\\\/uploads\\\/2023\\\/06\\\/Meclinas_logo_withighres-1.png\",\"contentUrl\":\"https:\\\/\\\/meclinas.com\\\/wp-content\\\/uploads\\\/2023\\\/06\\\/Meclinas_logo_withighres-1.png\"},{\"@type\":\"BreadcrumbList\",\"@id\":\"https:\\\/\\\/meclinas.com\\\/nieuws\\\/#breadcrumb\",\"itemListElement\":[{\"@type\":\"ListItem\",\"position\":1,\"name\":\"Home\",\"item\":\"https:\\\/\\\/meclinas.com\\\/\"},{\"@type\":\"ListItem\",\"position\":2,\"name\":\"Nieuws\"}]},{\"@type\":\"WebSite\",\"@id\":\"https:\\\/\\\/meclinas.com\\\/#website\",\"url\":\"https:\\\/\\\/meclinas.com\\\/\",\"name\":\"Meclinas\",\"description\":\"\",\"publisher\":{\"@id\":\"https:\\\/\\\/meclinas.com\\\/#organization\"},\"potentialAction\":[{\"@type\":\"SearchAction\",\"target\":{\"@type\":\"EntryPoint\",\"urlTemplate\":\"https:\\\/\\\/meclinas.com\\\/?s={search_term_string}\"},\"query-input\":{\"@type\":\"PropertyValueSpecification\",\"valueRequired\":true,\"valueName\":\"search_term_string\"}}],\"inLanguage\":\"fr-FR\"},{\"@type\":\"Organization\",\"@id\":\"https:\\\/\\\/meclinas.com\\\/#organization\",\"name\":\"Meclinas\",\"url\":\"https:\\\/\\\/meclinas.com\\\/\",\"logo\":{\"@type\":\"ImageObject\",\"inLanguage\":\"fr-FR\",\"@id\":\"https:\\\/\\\/meclinas.com\\\/#\\\/schema\\\/logo\\\/image\\\/\",\"url\":\"https:\\\/\\\/meclinas.com\\\/wp-content\\\/uploads\\\/2023\\\/06\\\/Meclinas_logo1.png\",\"contentUrl\":\"https:\\\/\\\/meclinas.com\\\/wp-content\\\/uploads\\\/2023\\\/06\\\/Meclinas_logo1.png\",\"width\":4379,\"height\":1370,\"caption\":\"Meclinas\"},\"image\":{\"@id\":\"https:\\\/\\\/meclinas.com\\\/#\\\/schema\\\/logo\\\/image\\\/\"}}]}<\/script>\n<!-- \/ Yoast SEO plugin. -->","yoast_head_json":{"title":"Nieuws - Meclinas","robots":{"index":"index","follow":"follow","max-snippet":"max-snippet:-1","max-image-preview":"max-image-preview:large","max-video-preview":"max-video-preview:-1"},"canonical":"https:\/\/meclinas.com\/fr\/nieuws\/","og_locale":"fr_FR","og_type":"article","og_title":"Nieuws - Meclinas","og_description":"News","og_url":"https:\/\/meclinas.com\/fr\/nieuws\/","og_site_name":"Meclinas","article_modified_time":"2023-06-25T07:30:38+00:00","og_image":[{"url":"https:\/\/meclinas.com\/wp-content\/uploads\/2023\/06\/Meclinas_logo_withighres-1.png","type":"","width":"","height":""}],"twitter_card":"summary_large_image","schema":{"@context":"https:\/\/schema.org","@graph":[{"@type":"WebPage","@id":"https:\/\/meclinas.com\/nieuws\/","url":"https:\/\/meclinas.com\/nieuws\/","name":"Nieuws - Meclinas","isPartOf":{"@id":"https:\/\/meclinas.com\/#website"},"primaryImageOfPage":{"@id":"https:\/\/meclinas.com\/nieuws\/#primaryimage"},"image":{"@id":"https:\/\/meclinas.com\/nieuws\/#primaryimage"},"thumbnailUrl":"https:\/\/meclinas.com\/wp-content\/uploads\/2023\/06\/Meclinas_logo_withighres-1.png","datePublished":"2023-06-18T17:36:16+00:00","dateModified":"2023-06-25T07:30:38+00:00","breadcrumb":{"@id":"https:\/\/meclinas.com\/nieuws\/#breadcrumb"},"inLanguage":"fr-FR","potentialAction":[{"@type":"ReadAction","target":["https:\/\/meclinas.com\/nieuws\/"]}]},{"@type":"ImageObject","inLanguage":"fr-FR","@id":"https:\/\/meclinas.com\/nieuws\/#primaryimage","url":"https:\/\/meclinas.com\/wp-content\/uploads\/2023\/06\/Meclinas_logo_withighres-1.png","contentUrl":"https:\/\/meclinas.com\/wp-content\/uploads\/2023\/06\/Meclinas_logo_withighres-1.png"},{"@type":"BreadcrumbList","@id":"https:\/\/meclinas.com\/nieuws\/#breadcrumb","itemListElement":[{"@type":"ListItem","position":1,"name":"Home","item":"https:\/\/meclinas.com\/"},{"@type":"ListItem","position":2,"name":"Nieuws"}]},{"@type":"WebSite","@id":"https:\/\/meclinas.com\/#website","url":"https:\/\/meclinas.com\/","name":"Meclinas","description":"","publisher":{"@id":"https:\/\/meclinas.com\/#organization"},"potentialAction":[{"@type":"SearchAction","target":{"@type":"EntryPoint","urlTemplate":"https:\/\/meclinas.com\/?s={search_term_string}"},"query-input":{"@type":"PropertyValueSpecification","valueRequired":true,"valueName":"search_term_string"}}],"inLanguage":"fr-FR"},{"@type":"Organization","@id":"https:\/\/meclinas.com\/#organization","name":"Meclinas","url":"https:\/\/meclinas.com\/","logo":{"@type":"ImageObject","inLanguage":"fr-FR","@id":"https:\/\/meclinas.com\/#\/schema\/logo\/image\/","url":"https:\/\/meclinas.com\/wp-content\/uploads\/2023\/06\/Meclinas_logo1.png","contentUrl":"https:\/\/meclinas.com\/wp-content\/uploads\/2023\/06\/Meclinas_logo1.png","width":4379,"height":1370,"caption":"Meclinas"},"image":{"@id":"https:\/\/meclinas.com\/#\/schema\/logo\/image\/"}}]}},"uagb_featured_image_src":{"full":false,"thumbnail":false,"medium":false,"medium_large":false,"large":false,"1536x1536":false,"2048x2048":false,"trp-custom-language-flag":false},"uagb_author_info":{"display_name":"Ine Vercammen","author_link":"https:\/\/meclinas.com\/fr\/author\/meclinas\/"},"uagb_comment_info":0,"uagb_excerpt":"News","_links":{"self":[{"href":"https:\/\/meclinas.com\/fr\/wp-json\/wp\/v2\/pages\/170","targetHints":{"allow":["GET"]}}],"collection":[{"href":"https:\/\/meclinas.com\/fr\/wp-json\/wp\/v2\/pages"}],"about":[{"href":"https:\/\/meclinas.com\/fr\/wp-json\/wp\/v2\/types\/page"}],"author":[{"embeddable":true,"href":"https:\/\/meclinas.com\/fr\/wp-json\/wp\/v2\/users\/1"}],"replies":[{"embeddable":true,"href":"https:\/\/meclinas.com\/fr\/wp-json\/wp\/v2\/comments?post=170"}],"version-history":[{"count":4,"href":"https:\/\/meclinas.com\/fr\/wp-json\/wp\/v2\/pages\/170\/revisions"}],"predecessor-version":[{"id":832,"href":"https:\/\/meclinas.com\/fr\/wp-json\/wp\/v2\/pages\/170\/revisions\/832"}],"wp:attachment":[{"href":"https:\/\/meclinas.com\/fr\/wp-json\/wp\/v2\/media?parent=170"}],"curies":[{"name":"wp","href":"https:\/\/api.w.org\/{rel}","templated":true}]}}